{"id":151,"date":"2020-05-10T18:49:22","date_gmt":"2020-05-10T18:49:22","guid":{"rendered":"http:\/\/marcacao.org\/?page_id=151"},"modified":"2020-09-21T20:42:07","modified_gmt":"2020-09-21T20:42:07","slug":"chronik-der-zusammenarbeit","status":"publish","type":"page","link":"http:\/\/marcacao.org\/?page_id=151","title":{"rendered":"Chronik der Zusammenarbeit"},"content":{"rendered":"\n<div class=\"wp-block-columns is-layout-flex wp-container-core-columns-is-layout-9d6595d7 wp-block-columns-is-layout-flex\">\n<div class=\"wp-block-column is-layout-flow wp-block-column-is-layout-flow\" style=\"flex-basis:33.33%\"><\/div>\n\n\n\n<div class=\"wp-block-column is-layout-flow wp-block-column-is-layout-flow\" style=\"flex-basis:66.66%\">\n<p>1987 lernte Marita Lenzen-Zaremba bei einem mehrmonatigem Aufenthalt in Paraiba die MAC (Movimento de Adolescentes e Criancas) kennen. Die MAC ist eine in ganz S\u00fcdamerika verbreitete Bewegung von Kindern und Jugendlichen, die durch ihre Arbeit zum Auskommen der Familie beitragen m\u00fcssen.<\/p>\n\n\n\n<p>In dieser Zeit erlebte sie den Kampf um sauberes Trinkwasser und einige Gro\u00dfdemonstrationen der Kinder in der Bundeshauptstadt Joao Pessoa. Seit dieser Zeit besteht ein intensiver pers\u00f6nlicher Kontakt. Valdir Fernandes da Silva arbeitete seit seinem 6. Lebensjahr als Tagel\u00f6hner im Zuckerrohr. Seit 1980 ist er Mitglied der MAC, deren bundesstaatlicher Koordinator er zeitweilig war. Au\u00dferdem war er ma\u00dfgeblich an der Gr\u00fcndung von Gewerkschaften unter den Tagel\u00f6hner\/innen beteiligt und engagiert sich heute in der \u00f6rtlichen Kirchengemeinde. Er arbeitete auch als Gemeinderat f\u00fcr die Arbeiterpartei (PT) in Marca\u00e7\u00e2o.<\/p>\n\n\n\n<p>1994&nbsp; besuchte Valdir Fernandes da Silva mit der Franziskanerschwester Adriana Farias zum ersten Mal die Eifel.<br>Es folgte ein weiterer Besuch 1999.  <\/p>\n\n\n\n<p>Im Jahre 1999 hat die MAC in Marca\u00e7\u00e3o die Grundschule &#8222;Instituto Sao Francisco de Assis&#8220; ins Leben gerufen. Dort bieten sie neben den normalen 4 Grundschulklassen auch F\u00f6rdergruppen an f\u00fcr Kinder, die \u00e4lter sind und dennoch nicht oder kaum alphabetisiert sind.<\/p>\n\n\n\n<p>Hier wurde auch praktische Inhalte angeboten und durch Musik und Theater die Kreativit\u00e4t gef\u00f6rdert, die ihnen hilft, in ihrer Realit\u00e4t klarzukommen. Der Unterricht fand in 2 Klassen parallel und in 2 Schichten statt. Als Schulgeb\u00e4ude diente ein umgebautes Wohnhaus von Valdir Fernandes da Silva. Au\u00dferdem werden Kurse von Frauen nachgefragt, um Lese- und Schreibkenntnisse zu lernen. Es besteht ein Kontakt zum Indiostamm der Potiguaras, der in der Umgebung von Marca\u00e7\u00e3o lebt. Zwei mal w\u00f6chentlich gehen Lehrerinnen in verschiedene Indiod\u00f6rfer, um auch hier Alphabethisierungskurse f\u00fcr Kinder zu geben.<br><br><strong>Der<\/strong> Erfolg der Aktivit\u00e4ten machte es schlie\u00dflich notwendig &#8222;richtige&#8220; Schulr\u00e4ume zu planen. Mit Hilfe von vielen Eifeler Menschen, Gruppen und Schulen konnte 2005 der Schulneubau des <em>Instituto S\u00e3o Francisco de Assis<\/em> gefeiert werden. Die Schule wird seitdem mit gro\u00dfem Erfolg betrieben. Mit Hilfe der des Aktionskreises Eine Welt wurden die notwendigen Betriebskosten durch Aktionen und Spenden eingenommen um den Schulbetrieb trotz manchmal schwieriger Bedingungen weiter zu entwickeln. <br>Beim letzten Besuch der Lehrerinnen in der Eifel im Jahre 2015 wurde in einem umfangreichem Programm sehr viele und intensive Begegnungen durchgef\u00fchrt (sehe Programm links).<br><br>Der Gegenbesuch aus Deutschland folgte dann im Jahre 2018. Bei diesem Besuch wurden die Projekte f\u00fcr die n\u00e4chsten Jahre besprochen.<br>Dabei hielten durch mitgebrachte Laptop und Beamer auch moderne Technik Einzug. <br>Aktuell hat die Schule 5 Klassen inkl. einer Vorschulklasse. Es werden 7 Lehrkr\u00e4fte besch\u00e4ftigt. Geleitet wird die Schule von Marleni Fernandes da Silva, die seit Beginn der Zusammenarbeit dabei ist.<br><br>Die Corona-Krise brachte den Pr\u00e4senzunterricht im schwer getroffenen Brasilien zum Erliegen. Unter gro\u00dfem Einsatz der Lehrkr\u00e4fte wird versucht weiter Kontakt zu den Kindern zu halten. Mangels fehlender Digitalger\u00e4te erfordert das viel Fantasie und Improvisationsverm\u00f6gen. <br><br><br><br><\/p>\n\n\n\n<p><\/p>\n<\/div>\n<\/div>\n","protected":false},"excerpt":{"rendered":"<p>1987 lernte Marita Lenzen-Zaremba bei einem mehrmonatigem Aufenthalt in Paraiba die MAC (Movimento de Adolescentes e Criancas) kennen. Die MAC ist eine in ganz S\u00fcdamerika verbreitete Bewegung von Kindern und Jugendlichen, die durch ihre Arbeit zum Auskommen der Familie beitragen m\u00fcssen. In dieser Zeit erlebte sie den Kampf um sauberes Trinkwasser und einige Gro\u00dfdemonstrationen der [&hellip;]<\/p>\n","protected":false},"author":1,"featured_media":0,"parent":0,"menu_order":0,"comment_status":"closed","ping_status":"closed","template":"","meta":{"footnotes":""},"class_list":["post-151","page","type-page","status-publish","czr-hentry"],"_links":{"self":[{"href":"http:\/\/marcacao.org\/index.php?rest_route=\/wp\/v2\/pages\/151","targetHints":{"allow":["GET"]}}],"collection":[{"href":"http:\/\/marcacao.org\/index.php?rest_route=\/wp\/v2\/pages"}],"about":[{"href":"http:\/\/marcacao.org\/index.php?rest_route=\/wp\/v2\/types\/page"}],"author":[{"embeddable":true,"href":"http:\/\/marcacao.org\/index.php?rest_route=\/wp\/v2\/users\/1"}],"replies":[{"embeddable":true,"href":"http:\/\/marcacao.org\/index.php?rest_route=%2Fwp%2Fv2%2Fcomments&post=151"}],"version-history":[{"count":8,"href":"http:\/\/marcacao.org\/index.php?rest_route=\/wp\/v2\/pages\/151\/revisions"}],"predecessor-version":[{"id":223,"href":"http:\/\/marcacao.org\/index.php?rest_route=\/wp\/v2\/pages\/151\/revisions\/223"}],"wp:attachment":[{"href":"http:\/\/marcacao.org\/index.php?rest_route=%2Fwp%2Fv2%2Fmedia&parent=151"}],"curies":[{"name":"wp","href":"https:\/\/api.w.org\/{rel}","templated":true}]}}